{"id":4705,"date":"2019-05-16T11:50:11","date_gmt":"2019-05-16T09:50:11","guid":{"rendered":"https:\/\/www.vetland.es\/?page_id=4705"},"modified":"2025-05-08T12:51:47","modified_gmt":"2025-05-08T10:51:47","slug":"formulario-de-contacto","status":"publish","type":"page","link":"https:\/\/www.clinicavetland.es\/ca\/proteccion-de-datos\/formulario-de-contacto\/","title":{"rendered":"Formulario de contacto"},"content":{"rendered":"<div class=\"wpb-content-wrapper\"><div class=\"vc_row wpb_row vc_row-fluid\"><div class=\"wpb_column vc_column_container vc_col-sm-2\"><div class=\"vc_column-inner\"><div class=\"wpb_wrapper\"><\/div><\/div><\/div><div class=\"wpb_column vc_column_container vc_col-sm-8\"><div class=\"vc_column-inner\"><div class=\"wpb_wrapper\">\n\t<div class=\"wpb_text_column wpb_content_element\" >\n\t\t<div class=\"wpb_wrapper\">\n\t\t\t<table>\n<tbody>\n<tr>\n<td>\n<h4><b>Informaci\u00f3n detallada sobre Protecci\u00f3n de Datos referente al tratamiento de datos de personas que contactan con nosotros a trav\u00e9s de la web<br \/>\n<\/b><\/h4>\n<\/td>\n<\/tr>\n<tr>\n<td><b>\u00bfQui\u00e9n es el Responsable del tratamiento de sus datos?<\/b><\/p>\n<p>Identidad: CLINICA VETERINARIA <span class=\"outlook-search-highlight\" data-markjs=\"true\">CARDEDEU,<\/span> SL \u2013 CIF: B75738419<\/p>\n<p>Dir. Postal: Av. \u00c0ngel Guimer\u00e0, 71 Planta baja Puerta A. (08440) &#8211; Cardedeu (Barcelona)<\/p>\n<p>Tel\u00e9fono: (+34) 91 788 30 80<\/p>\n<p>Correo electr\u00f3nico: <a href=\"mailto:info@clinicavetland.es\">info@clinicavetland.es<\/a><\/p>\n<p>Contacto: <a href=\"mailto:protecciondedatos@clinicavetland.es\">protecciondedatos@clinicavetland.es<\/a><\/p>\n<p><b>\u00bfCon qu\u00e9 finalidad tratamos sus datos personales?<\/b><\/p>\n<p>La finalidad del tratamiento es atender las solicitudes de informaci\u00f3n y\/o cita previa recibidas.<\/p>\n<p><b>\u00bfPor cu\u00e1nto tiempo conservaremos sus datos?<\/b><\/p>\n<p>Los datos proporcionados se conservar\u00e1n mientras el interesado no ejerza el derecho de supresi\u00f3n.<\/p>\n<p><b>\u00bfCu\u00e1l es la legitimaci\u00f3n para el tratamiento de sus datos?<\/b><\/p>\n<p>La base legal para el tratamiento de los datos es el consentimiento del interesado.<\/p>\n<p>La oferta prospectiva de productos y servicios est\u00e1 basada en el consentimiento que se le solicita, sin que en ning\u00fan caso la retirada de este consentimiento condicione la prestaci\u00f3n del servicio solicitado.<\/p>\n<p><b>\u00bfA qu\u00e9 destinarios se comunicar\u00e1n sus datos?<\/b><\/p>\n<p>No se prev\u00e9 comunicar datos a terceros, salvo obligaci\u00f3n legal.<\/p>\n<p><b>\u00bfCu\u00e1les son sus derechos cuando nos facilita sus datos?<\/b><\/p>\n<p>Cualquier persona tiene derecho a obtener confirmaci\u00f3n sobre si en CLINICA VETERINARIA <span class=\"outlook-search-highlight\" data-markjs=\"true\">CARDEDEU,<\/span> SL. estamos tratando datos personales que les conciernan o no.<\/p>\n<p>Las personas interesadas tienen derecho a acceder a sus datos personales, as\u00ed como a solicitar la rectificaci\u00f3n de los datos inexactos o, en su caso, solicitar su supresi\u00f3n cuando, entre otros motivos, los datos ya no sean necesarios para los fines que fueron recogidos.<\/p>\n<p>En determinadas circunstancias, los interesados podr\u00e1n solicitar la limitaci\u00f3n del tratamiento de sus datos, en cuyo caso \u00fanicamente los conservaremos para el ejercicio o la defensa de reclamaciones.<\/p>\n<p>En determinadas circunstancias y por motivos relacionados con su situaci\u00f3n particular, los interesados podr\u00e1n oponerse al tratamiento de sus datos. CLINICA VETERINARIA <span class=\"outlook-search-highlight\" data-markjs=\"true\">CARDEDEU,<\/span> SL. dejar\u00e1 de tratar los datos, salvo por motivos leg\u00edtimos imperiosos, o para el ejercicio o la defensa de posibles reclamaciones.<\/p>\n<p>En virtud del derecho a la portabilidad, los interesados tienen derecho a obtener los datos personales que les incumben en un formato estructurado de uso com\u00fan y lectura mec\u00e1nica y a transmitirlos a otro responsable.<\/p>\n<p><b>\u00bfC\u00f3mo se pueden ejercer los derechos?<\/b><\/p>\n<p>Mediante un escrito, adjuntando fotocopia del DNI o documento identificativo equivalente, dirigido a CLINICA VETERINARIA <span class=\"outlook-search-highlight\" data-markjs=\"true\">CARDEDEU,<\/span> SL, Av. \u00c0ngel Guimer\u00e0, 71 Planta baja Puerta A. (08440) &#8211; Cardedeu (Barcelona).<\/p>\n<p><b>\u00bfQu\u00e9 v\u00edas de reclamaci\u00f3n existen?<\/b><\/p>\n<p>Si considera que sus derechos no se han atendido debidamente, tiene derecho a presentar una reclamaci\u00f3n ante la Agencia Espa\u00f1ola de Protecci\u00f3n de Datos.<\/td>\n<\/tr>\n<\/tbody>\n<\/table>\n\n\t\t<\/div>\n\t<\/div>\n<\/div><\/div><\/div><div class=\"wpb_column vc_column_container vc_col-sm-2\"><div class=\"vc_column-inner\"><div class=\"wpb_wrapper\"><\/div><\/div><\/div><\/div>\n<\/div><!-- AddThis Advanced Settings generic via filter on the_content --><!-- AddThis Share Buttons generic via filter on the_content -->","protected":false},"excerpt":{"rendered":"<p><!-- AddThis Advanced Settings generic via filter on get_the_excerpt --><!-- AddThis Share Buttons generic via filter on get_the_excerpt --><\/p>","protected":false},"author":12,"featured_media":0,"parent":4675,"menu_order":0,"comment_status":"closed","ping_status":"closed","template":"","meta":{"_acf_changed":false,"footnotes":""},"class_list":["post-4705","page","type-page","status-publish","hentry"],"acf":[],"yoast_head":"<!-- This site is optimized with the Yoast SEO plugin v27.0 - https:\/\/yoast.com\/product\/yoast-seo-wordpress\/ -->\n<title>Formulario de contacto | Cl\u00ednica Veterinaria Cardedeu<\/title>\n<meta name=\"robots\" content=\"index, follow, max-snippet:-1, max-image-preview:large, max-video-preview:-1\" \/>\n<link rel=\"canonical\" href=\"https:\/\/www.clinicavetland.es\/ca\/proteccion-de-datos\/formulario-de-contacto\/\" \/>\n<meta property=\"og:locale\" content=\"ca_ES\" \/>\n<meta property=\"og:type\" content=\"article\" \/>\n<meta property=\"og:title\" content=\"Formulario de contacto | Cl\u00ednica Veterinaria Cardedeu\" \/>\n<meta property=\"og:url\" content=\"https:\/\/www.clinicavetland.es\/ca\/proteccion-de-datos\/formulario-de-contacto\/\" \/>\n<meta property=\"og:site_name\" content=\"Cl\u00ednica Veterinaria Cardedeu\" \/>\n<meta property=\"article:publisher\" content=\"https:\/\/www.facebook.com\/especialidadesveterinariasvetland\" \/>\n<meta property=\"article:modified_time\" content=\"2025-05-08T10:51:47+00:00\" \/>\n<meta name=\"twitter:card\" content=\"summary_large_image\" \/>\n<meta name=\"twitter:label1\" content=\"Temps estimat de lectura\" \/>\n\t<meta name=\"twitter:data1\" content=\"2 minuts\" \/>\n<script type=\"application\/ld+json\" class=\"yoast-schema-graph\">{\"@context\":\"https:\/\/schema.org\",\"@graph\":[{\"@type\":\"WebPage\",\"@id\":\"https:\/\/www.clinicavetland.es\/proteccion-de-datos\/formulario-de-contacto\/\",\"url\":\"https:\/\/www.clinicavetland.es\/proteccion-de-datos\/formulario-de-contacto\/\",\"name\":\"Formulario de contacto | Cl\u00ednica Veterinaria Cardedeu\",\"isPartOf\":{\"@id\":\"https:\/\/www.clinicavetland.es\/#website\"},\"datePublished\":\"2019-05-16T09:50:11+00:00\",\"dateModified\":\"2025-05-08T10:51:47+00:00\",\"breadcrumb\":{\"@id\":\"https:\/\/www.clinicavetland.es\/proteccion-de-datos\/formulario-de-contacto\/#breadcrumb\"},\"inLanguage\":\"ca\",\"potentialAction\":[{\"@type\":\"ReadAction\",\"target\":[\"https:\/\/www.clinicavetland.es\/proteccion-de-datos\/formulario-de-contacto\/\"]}]},{\"@type\":\"BreadcrumbList\",\"@id\":\"https:\/\/www.clinicavetland.es\/proteccion-de-datos\/formulario-de-contacto\/#breadcrumb\",\"itemListElement\":[{\"@type\":\"ListItem\",\"position\":1,\"name\":\"Portada\",\"item\":\"https:\/\/www.clinicavetland.es\/\"},{\"@type\":\"ListItem\",\"position\":2,\"name\":\"Protecci\u00f3n de Datos\",\"item\":\"https:\/\/www.clinicavetland.es\/proteccion-de-datos\/\"},{\"@type\":\"ListItem\",\"position\":3,\"name\":\"Formulario de contacto\"}]},{\"@type\":\"WebSite\",\"@id\":\"https:\/\/www.clinicavetland.es\/#website\",\"url\":\"https:\/\/www.clinicavetland.es\/\",\"name\":\"Cl\u00ednica Vetland\",\"description\":\"Dejamos huella\",\"publisher\":{\"@id\":\"https:\/\/www.clinicavetland.es\/#organization\"},\"potentialAction\":[{\"@type\":\"SearchAction\",\"target\":{\"@type\":\"EntryPoint\",\"urlTemplate\":\"https:\/\/www.clinicavetland.es\/?s={search_term_string}\"},\"query-input\":{\"@type\":\"PropertyValueSpecification\",\"valueRequired\":true,\"valueName\":\"search_term_string\"}}],\"inLanguage\":\"ca\"},{\"@type\":\"Organization\",\"@id\":\"https:\/\/www.clinicavetland.es\/#organization\",\"name\":\"Cl\u00ednica Vetland\",\"url\":\"https:\/\/www.clinicavetland.es\/\",\"logo\":{\"@type\":\"ImageObject\",\"inLanguage\":\"ca\",\"@id\":\"https:\/\/www.clinicavetland.es\/#\/schema\/logo\/image\/\",\"url\":\"https:\/\/www.clinicavetland.es\/wp-content\/uploads\/2020\/03\/Logotipo-Vetland-color.png\",\"contentUrl\":\"https:\/\/www.clinicavetland.es\/wp-content\/uploads\/2020\/03\/Logotipo-Vetland-color.png\",\"width\":1001,\"height\":392,\"caption\":\"Cl\u00ednica Vetland\"},\"image\":{\"@id\":\"https:\/\/www.clinicavetland.es\/#\/schema\/logo\/image\/\"},\"sameAs\":[\"https:\/\/www.facebook.com\/especialidadesveterinariasvetland\",\"https:\/\/instagram.com\/vetland_\/\",\"https:\/\/linkedin.com\/company\/clinicavetland\"]}]}<\/script>\n<!-- \/ Yoast SEO plugin. -->","yoast_head_json":{"title":"Formulario de contacto | Cl\u00ednica Veterinaria Cardedeu","robots":{"index":"index","follow":"follow","max-snippet":"max-snippet:-1","max-image-preview":"max-image-preview:large","max-video-preview":"max-video-preview:-1"},"canonical":"https:\/\/www.clinicavetland.es\/ca\/proteccion-de-datos\/formulario-de-contacto\/","og_locale":"ca_ES","og_type":"article","og_title":"Formulario de contacto | Cl\u00ednica Veterinaria Cardedeu","og_url":"https:\/\/www.clinicavetland.es\/ca\/proteccion-de-datos\/formulario-de-contacto\/","og_site_name":"Cl\u00ednica Veterinaria Cardedeu","article_publisher":"https:\/\/www.facebook.com\/especialidadesveterinariasvetland","article_modified_time":"2025-05-08T10:51:47+00:00","twitter_card":"summary_large_image","twitter_misc":{"Temps estimat de lectura":"2 minuts"},"schema":{"@context":"https:\/\/schema.org","@graph":[{"@type":"WebPage","@id":"https:\/\/www.clinicavetland.es\/proteccion-de-datos\/formulario-de-contacto\/","url":"https:\/\/www.clinicavetland.es\/proteccion-de-datos\/formulario-de-contacto\/","name":"Formulario de contacto | Cl\u00ednica Veterinaria Cardedeu","isPartOf":{"@id":"https:\/\/www.clinicavetland.es\/#website"},"datePublished":"2019-05-16T09:50:11+00:00","dateModified":"2025-05-08T10:51:47+00:00","breadcrumb":{"@id":"https:\/\/www.clinicavetland.es\/proteccion-de-datos\/formulario-de-contacto\/#breadcrumb"},"inLanguage":"ca","potentialAction":[{"@type":"ReadAction","target":["https:\/\/www.clinicavetland.es\/proteccion-de-datos\/formulario-de-contacto\/"]}]},{"@type":"BreadcrumbList","@id":"https:\/\/www.clinicavetland.es\/proteccion-de-datos\/formulario-de-contacto\/#breadcrumb","itemListElement":[{"@type":"ListItem","position":1,"name":"Portada","item":"https:\/\/www.clinicavetland.es\/"},{"@type":"ListItem","position":2,"name":"Protecci\u00f3n de Datos","item":"https:\/\/www.clinicavetland.es\/proteccion-de-datos\/"},{"@type":"ListItem","position":3,"name":"Formulario de contacto"}]},{"@type":"WebSite","@id":"https:\/\/www.clinicavetland.es\/#website","url":"https:\/\/www.clinicavetland.es\/","name":"Cl\u00ednica Vetland","description":"Dejamos huella","publisher":{"@id":"https:\/\/www.clinicavetland.es\/#organization"},"potentialAction":[{"@type":"SearchAction","target":{"@type":"EntryPoint","urlTemplate":"https:\/\/www.clinicavetland.es\/?s={search_term_string}"},"query-input":{"@type":"PropertyValueSpecification","valueRequired":true,"valueName":"search_term_string"}}],"inLanguage":"ca"},{"@type":"Organization","@id":"https:\/\/www.clinicavetland.es\/#organization","name":"Cl\u00ednica Vetland","url":"https:\/\/www.clinicavetland.es\/","logo":{"@type":"ImageObject","inLanguage":"ca","@id":"https:\/\/www.clinicavetland.es\/#\/schema\/logo\/image\/","url":"https:\/\/www.clinicavetland.es\/wp-content\/uploads\/2020\/03\/Logotipo-Vetland-color.png","contentUrl":"https:\/\/www.clinicavetland.es\/wp-content\/uploads\/2020\/03\/Logotipo-Vetland-color.png","width":1001,"height":392,"caption":"Cl\u00ednica Vetland"},"image":{"@id":"https:\/\/www.clinicavetland.es\/#\/schema\/logo\/image\/"},"sameAs":["https:\/\/www.facebook.com\/especialidadesveterinariasvetland","https:\/\/instagram.com\/vetland_\/","https:\/\/linkedin.com\/company\/clinicavetland"]}]}},"_links":{"self":[{"href":"https:\/\/www.clinicavetland.es\/ca\/wp-json\/wp\/v2\/pages\/4705","targetHints":{"allow":["GET"]}}],"collection":[{"href":"https:\/\/www.clinicavetland.es\/ca\/wp-json\/wp\/v2\/pages"}],"about":[{"href":"https:\/\/www.clinicavetland.es\/ca\/wp-json\/wp\/v2\/types\/page"}],"author":[{"embeddable":true,"href":"https:\/\/www.clinicavetland.es\/ca\/wp-json\/wp\/v2\/users\/12"}],"replies":[{"embeddable":true,"href":"https:\/\/www.clinicavetland.es\/ca\/wp-json\/wp\/v2\/comments?post=4705"}],"version-history":[{"count":7,"href":"https:\/\/www.clinicavetland.es\/ca\/wp-json\/wp\/v2\/pages\/4705\/revisions"}],"predecessor-version":[{"id":9241,"href":"https:\/\/www.clinicavetland.es\/ca\/wp-json\/wp\/v2\/pages\/4705\/revisions\/9241"}],"up":[{"embeddable":true,"href":"https:\/\/www.clinicavetland.es\/ca\/wp-json\/wp\/v2\/pages\/4675"}],"wp:attachment":[{"href":"https:\/\/www.clinicavetland.es\/ca\/wp-json\/wp\/v2\/media?parent=4705"}],"curies":[{"name":"wp","href":"https:\/\/api.w.org\/{rel}","templated":true}]}}