{"id":4675,"date":"2019-05-15T14:15:26","date_gmt":"2019-05-15T12:15:26","guid":{"rendered":"https:\/\/www.vetland.es\/?page_id=4675"},"modified":"2025-05-08T12:45:27","modified_gmt":"2025-05-08T10:45:27","slug":"proteccion-de-datos","status":"publish","type":"page","link":"https:\/\/www.clinicavetland.es\/ca\/proteccion-de-datos\/","title":{"rendered":"Protecci\u00f3n de Datos"},"content":{"rendered":"<div class=\"wpb-content-wrapper\"><div class=\"vc_row wpb_row vc_row-fluid\"><div class=\"wpb_column vc_column_container vc_col-sm-12\"><div class=\"vc_column-inner\"><div class=\"wpb_wrapper\"><div class=\"vc_empty_space\"   style=\"height: 32px\"><span class=\"vc_empty_space_inner\"><\/span><\/div><h2 style=\"text-align: left;font-family:Nunito;font-weight:700;font-style:normal\" class=\"vc_custom_heading vc_do_custom_heading\" >Protecci\u00f3n de Datos<\/h2><div class=\"vc_empty_space\"   style=\"height: 32px\"><span class=\"vc_empty_space_inner\"><\/span><\/div><\/div><\/div><\/div><\/div><div class=\"vc_row wpb_row vc_row-fluid\"><div class=\"wpb_column vc_column_container vc_col-sm-12\"><div class=\"vc_column-inner\"><div class=\"wpb_wrapper\">\n\t<div class=\"wpb_text_column wpb_content_element\" >\n\t\t<div class=\"wpb_wrapper\">\n\t\t\t<h2><span style=\"color: #f18904;\">Aviso informativo para candidatos<\/span><\/h2>\n<h3><span style=\"color: #6bc048;\">Informaci\u00f3n b\u00e1sica sobre Protecci\u00f3n de Datos referente al tratamiento de datos de personas que entregan su CV para trabajar con nosotros<\/span><\/h3>\n<p><strong>Responsable <\/strong>CLINICA VETERINARIA <span class=\"outlook-search-highlight\" data-markjs=\"true\">CARDEDEU,<\/span> SL<\/p>\n<p><strong>Finalidad<\/strong> Gesti\u00f3n de curr\u00edculos de personas interesadas en trabajar con nosotros.<\/p>\n<p><strong>Legitimaci\u00f3n<\/strong> Consentimiento del interesado.<\/p>\n<p><strong>Destinatarios<\/strong> No se prev\u00e9n comunicaciones de datos a terceros, salvo obligaci\u00f3n legal.<\/p>\n<p><strong>Derechos<\/strong> Acceder, rectificar y suprimir los datos, as\u00ed como otros derechos, como se explica en la informaci\u00f3n adicional.<\/p>\n\n\t\t<\/div>\n\t<\/div>\n<div class=\"vc_btn3-container vc_btn3-inline vc_do_btn\" ><a class=\"vc_general vc_btn3 vc_btn3-size-md vc_btn3-shape-rounded vc_btn3-style-modern vc_btn3-icon-left vc_btn3-color-grey\" href=\"https:\/\/www.clinicavetland.es\/ca\/proteccion-de-datos\/aviso-informativo-para-candidatos\/\" title=\"Aviso informativo para candidatos\"><i class=\"vc_btn3-icon\"><\/i> Informaci\u00f3n adicional<\/a><\/div><div class=\"vc_empty_space\"   style=\"height: 55px\"><span class=\"vc_empty_space_inner\"><\/span><\/div><\/div><\/div><\/div><\/div><div class=\"vc_row wpb_row vc_row-fluid\"><div class=\"wpb_column vc_column_container vc_col-sm-12\"><div class=\"vc_column-inner\"><div class=\"wpb_wrapper\">\n\t<div class=\"wpb_text_column wpb_content_element\" >\n\t\t<div class=\"wpb_wrapper\">\n\t\t\t<h2><span style=\"color: #f18904;\">Formulario de contacto<\/span><\/h2>\n<h3><span style=\"color: #6bc048;\">Informaci\u00f3n b\u00e1sica sobre Protecci\u00f3n de Datos referente al tratamiento de datos de personas que contactan con nosotros a trav\u00e9s de la web<\/span><\/h3>\n<p><strong>Responsable <\/strong>CLINICA VETERINARIA <span class=\"outlook-search-highlight\" data-markjs=\"true\">CARDEDEU,<\/span> SL<\/p>\n<p><strong>Finalidad<\/strong> Atender su solicitud recibida a trav\u00e9s del formulario de contacto (solicitud de informaci\u00f3n o petici\u00f3n de cita).<\/p>\n<p><strong>Legitimaci\u00f3n<\/strong> Consentimiento del interesado.<\/p>\n<p><strong>Destinatarios<\/strong> No se prev\u00e9n comunicaciones de datos a terceros, salvo obligaci\u00f3n legal.<\/p>\n<p><strong>Derechos<\/strong> Acceder, rectificar y suprimir los datos, as\u00ed como otros derechos, como se explica en la informaci\u00f3n adicional.<\/p>\n\n\t\t<\/div>\n\t<\/div>\n<div class=\"vc_btn3-container vc_btn3-inline vc_do_btn\" ><a class=\"vc_general vc_btn3 vc_btn3-size-md vc_btn3-shape-rounded vc_btn3-style-modern vc_btn3-icon-left vc_btn3-color-grey\" href=\"https:\/\/www.clinicavetland.es\/ca\/proteccion-de-datos\/formulario-de-contacto\/\" title=\"Aviso informativo para candidatos\"><i class=\"vc_btn3-icon\"><\/i> Informaci\u00f3n adicional<\/a><\/div><div class=\"vc_empty_space\"   style=\"height: 55px\"><span class=\"vc_empty_space_inner\"><\/span><\/div><\/div><\/div><\/div><\/div><div class=\"vc_row wpb_row vc_row-fluid\"><div class=\"wpb_column vc_column_container vc_col-sm-12\"><div class=\"vc_column-inner\"><div class=\"wpb_wrapper\">\n\t<div class=\"wpb_text_column wpb_content_element\" >\n\t\t<div class=\"wpb_wrapper\">\n\t\t\t<h2><span style=\"color: #f18904;\">Videovigilancia<\/span><\/h2>\n<h3><span style=\"color: #6bc048;\">Informaci\u00f3n b\u00e1sica sobre Protecci\u00f3n de Datos referente a la videovigilancia<\/span><\/h3>\n<p><strong>Responsable <\/strong>CLINICA VETERINARIA <span class=\"outlook-search-highlight\" data-markjs=\"true\">CARDEDEU,<\/span> SL<\/p>\n<p><strong>Finalidad<\/strong> Garantizar la seguridad de personas, bienes e instalaciones.<\/p>\n<p><strong>Legitimaci\u00f3n<\/strong> Cumplimiento de una misi\u00f3n de inter\u00e9s p\u00fablico (art\u00edculo 6.1.e del RGPD).<\/p>\n<p><strong>Destinatarios<\/strong> Fuerzas y Cuerpos de Seguridad, Juzgados y Tribunales.<\/p>\n<p><strong>Derechos<\/strong> Acceder, rectificar y suprimir los datos, as\u00ed como otros derechos, como se explica en la informaci\u00f3n adicional.<\/p>\n\n\t\t<\/div>\n\t<\/div>\n<div class=\"vc_btn3-container vc_btn3-inline vc_do_btn\" ><a class=\"vc_general vc_btn3 vc_btn3-size-md vc_btn3-shape-rounded vc_btn3-style-modern vc_btn3-icon-left vc_btn3-color-grey\" href=\"https:\/\/www.clinicavetland.es\/ca\/proteccion-de-datos\/videovigilancia\/\" title=\"Aviso informativo para candidatos\"><i class=\"vc_btn3-icon\"><\/i> Informaci\u00f3n adicional<\/a><\/div><div class=\"vc_empty_space\"   style=\"height: 55px\"><span class=\"vc_empty_space_inner\"><\/span><\/div><\/div><\/div><\/div><\/div><div class=\"vc_row wpb_row vc_row-fluid\"><div class=\"wpb_column vc_column_container vc_col-sm-12\"><div class=\"vc_column-inner\"><div class=\"wpb_wrapper\">\n\t<div class=\"wpb_text_column wpb_content_element\" >\n\t\t<div class=\"wpb_wrapper\">\n\t\t\t<h2><span style=\"color: #f18904;\">Aviso informativo para suscriptores a Newsletters<\/span><\/h2>\n<h3><span style=\"color: #6bc048;\">Informaci\u00f3n b\u00e1sica sobre Protecci\u00f3n de Datos referente al tratamiento de datos de personas que se suscriben a las newsletters<br \/>\n<\/span><\/h3>\n<p><strong>Responsable <\/strong>CLINICA VETERINARIA <span class=\"outlook-search-highlight\" data-markjs=\"true\">CARDEDEU,<\/span> SL<\/p>\n<p><strong>Finalidad<\/strong> Env\u00edo de informaci\u00f3n comercial (newsletters) por correo electr\u00f3nico.<\/p>\n<p><strong>Legitimaci\u00f3n<\/strong> Consentimiento del interesado.<\/p>\n<p><strong>Destinatarios<\/strong> Se podr\u00e1n comunicar datos a encargados de tratamiento, algunos de ellos de fuera de la UE. Los encargados de tratamiento de fuera de la UE est\u00e1n acogidos al acuerdo \u00abEU-US Privacy Shield\u00bb.<\/p>\n<p>No se prev\u00e9 comunicar datos a otros terceros, salvo obligaci\u00f3n legal.<\/p>\n<p><strong>Derechos<\/strong> Acceder, rectificar y suprimir los datos, as\u00ed como otros derechos, como se explica en la informaci\u00f3n adicional.<\/p>\n\n\t\t<\/div>\n\t<\/div>\n<div class=\"vc_btn3-container vc_btn3-inline vc_do_btn\" ><a class=\"vc_general vc_btn3 vc_btn3-size-md vc_btn3-shape-rounded vc_btn3-style-modern vc_btn3-icon-left vc_btn3-color-grey\" href=\"https:\/\/www.clinicavetland.es\/ca\/proteccion-de-datos\/aviso-informativo-para-suscriptores-a-newsletters\/\" title=\"Aviso informativo para candidatos\"><i class=\"vc_btn3-icon\"><\/i> Informaci\u00f3n adicional<\/a><\/div><div class=\"vc_empty_space\"   style=\"height: 55px\"><span class=\"vc_empty_space_inner\"><\/span><\/div><\/div><\/div><\/div><\/div><div class=\"vc_row wpb_row vc_row-fluid\"><div class=\"wpb_column vc_column_container vc_col-sm-12\"><div class=\"vc_column-inner\"><div class=\"wpb_wrapper\">\n\t<div class=\"wpb_text_column wpb_content_element\" >\n\t\t<div class=\"wpb_wrapper\">\n\t\t\t<h2><span style=\"color: #f18904;\">Blog<\/span><\/h2>\n<h3><span style=\"color: #6bc048;\">Informaci\u00f3n b\u00e1sica sobre Protecci\u00f3n de Datos referente al tratamiento de datos de personas que publicas comentarios en el blog<\/span><\/h3>\n<p><strong>Responsable <\/strong>CLINICA VETERINARIA <span class=\"outlook-search-highlight\" data-markjs=\"true\">CARDEDEU,<\/span> SL<\/p>\n<p><strong>Finalidad<\/strong> Permitir que pueda publicar comentarios en nuestro blog.<\/p>\n<p><strong>Legitimaci\u00f3n<\/strong> Consentimiento del interesado.<\/p>\n<p><strong>Destinatarios<\/strong> Su nombre y apellidos se publicar\u00e1n junto a su mensaje, por lo que cualquier persona que acceda al blog podr\u00e1 ver dichos datos.<\/p>\n<p>Se podr\u00e1n comunicar datos a encargados de tratamiento, algunos de ellos de fuera de la UE. Los encargados de tratamiento de fuera de la UE est\u00e1n acogidos al acuerdo \u00abEU-US Privacy Shield\u00bb.<\/p>\n<p>No se prev\u00e9n comunicaciones de datos a otros terceros, salvo obligaci\u00f3n legal.<\/p>\n<p><strong>Derechos<\/strong> Acceder, rectificar y suprimir los datos, as\u00ed como otros derechos, como se explica en la informaci\u00f3n adicional.<\/p>\n\n\t\t<\/div>\n\t<\/div>\n<div class=\"vc_btn3-container vc_btn3-inline vc_do_btn\" ><a class=\"vc_general vc_btn3 vc_btn3-size-md vc_btn3-shape-rounded vc_btn3-style-modern vc_btn3-icon-left vc_btn3-color-grey\" href=\"https:\/\/www.clinicavetland.es\/ca\/proteccion-de-datos\/blog\/\" title=\"Aviso informativo para candidatos\"><i class=\"vc_btn3-icon\"><\/i> Informaci\u00f3n adicional<\/a><\/div><div class=\"vc_empty_space\"   style=\"height: 55px\"><span class=\"vc_empty_space_inner\"><\/span><\/div><\/div><\/div><\/div><\/div>\n<\/div><!-- AddThis Advanced Settings generic via filter on the_content --><!-- AddThis Share Buttons generic via filter on the_content -->","protected":false},"excerpt":{"rendered":"<p><!-- AddThis Advanced Settings generic via filter on get_the_excerpt --><!-- AddThis Share Buttons generic via filter on get_the_excerpt --><\/p>","protected":false},"author":12,"featured_media":0,"parent":0,"menu_order":0,"comment_status":"closed","ping_status":"closed","template":"","meta":{"_acf_changed":false,"footnotes":""},"class_list":["post-4675","page","type-page","status-publish","hentry"],"acf":[],"yoast_head":"<!-- This site is optimized with the Yoast SEO plugin v27.0 - https:\/\/yoast.com\/product\/yoast-seo-wordpress\/ -->\n<title>Protecci\u00f3n de Datos | Cl\u00ednica Veterinaria Cardedeu<\/title>\n<meta name=\"robots\" content=\"index, follow, max-snippet:-1, max-image-preview:large, max-video-preview:-1\" \/>\n<link rel=\"canonical\" href=\"https:\/\/www.clinicavetland.es\/ca\/proteccion-de-datos\/\" \/>\n<meta property=\"og:locale\" content=\"ca_ES\" \/>\n<meta property=\"og:type\" content=\"article\" \/>\n<meta property=\"og:title\" content=\"Protecci\u00f3n de Datos | Cl\u00ednica Veterinaria Cardedeu\" \/>\n<meta property=\"og:url\" content=\"https:\/\/www.clinicavetland.es\/ca\/proteccion-de-datos\/\" \/>\n<meta property=\"og:site_name\" content=\"Cl\u00ednica Veterinaria Cardedeu\" \/>\n<meta property=\"article:publisher\" content=\"https:\/\/www.facebook.com\/especialidadesveterinariasvetland\" \/>\n<meta property=\"article:modified_time\" content=\"2025-05-08T10:45:27+00:00\" \/>\n<meta name=\"twitter:card\" content=\"summary_large_image\" \/>\n<meta name=\"twitter:label1\" content=\"Temps estimat de lectura\" \/>\n\t<meta name=\"twitter:data1\" content=\"3 minuts\" \/>\n<script type=\"application\/ld+json\" class=\"yoast-schema-graph\">{\"@context\":\"https:\/\/schema.org\",\"@graph\":[{\"@type\":\"WebPage\",\"@id\":\"https:\/\/www.clinicavetland.es\/proteccion-de-datos\/\",\"url\":\"https:\/\/www.clinicavetland.es\/proteccion-de-datos\/\",\"name\":\"Protecci\u00f3n de Datos | Cl\u00ednica Veterinaria Cardedeu\",\"isPartOf\":{\"@id\":\"https:\/\/www.clinicavetland.es\/#website\"},\"datePublished\":\"2019-05-15T12:15:26+00:00\",\"dateModified\":\"2025-05-08T10:45:27+00:00\",\"breadcrumb\":{\"@id\":\"https:\/\/www.clinicavetland.es\/proteccion-de-datos\/#breadcrumb\"},\"inLanguage\":\"ca\",\"potentialAction\":[{\"@type\":\"ReadAction\",\"target\":[\"https:\/\/www.clinicavetland.es\/proteccion-de-datos\/\"]}]},{\"@type\":\"BreadcrumbList\",\"@id\":\"https:\/\/www.clinicavetland.es\/proteccion-de-datos\/#breadcrumb\",\"itemListElement\":[{\"@type\":\"ListItem\",\"position\":1,\"name\":\"Portada\",\"item\":\"https:\/\/www.clinicavetland.es\/\"},{\"@type\":\"ListItem\",\"position\":2,\"name\":\"Protecci\u00f3n de Datos\"}]},{\"@type\":\"WebSite\",\"@id\":\"https:\/\/www.clinicavetland.es\/#website\",\"url\":\"https:\/\/www.clinicavetland.es\/\",\"name\":\"Cl\u00ednica Vetland\",\"description\":\"Dejamos huella\",\"publisher\":{\"@id\":\"https:\/\/www.clinicavetland.es\/#organization\"},\"potentialAction\":[{\"@type\":\"SearchAction\",\"target\":{\"@type\":\"EntryPoint\",\"urlTemplate\":\"https:\/\/www.clinicavetland.es\/?s={search_term_string}\"},\"query-input\":{\"@type\":\"PropertyValueSpecification\",\"valueRequired\":true,\"valueName\":\"search_term_string\"}}],\"inLanguage\":\"ca\"},{\"@type\":\"Organization\",\"@id\":\"https:\/\/www.clinicavetland.es\/#organization\",\"name\":\"Cl\u00ednica Vetland\",\"url\":\"https:\/\/www.clinicavetland.es\/\",\"logo\":{\"@type\":\"ImageObject\",\"inLanguage\":\"ca\",\"@id\":\"https:\/\/www.clinicavetland.es\/#\/schema\/logo\/image\/\",\"url\":\"https:\/\/www.clinicavetland.es\/wp-content\/uploads\/2020\/03\/Logotipo-Vetland-color.png\",\"contentUrl\":\"https:\/\/www.clinicavetland.es\/wp-content\/uploads\/2020\/03\/Logotipo-Vetland-color.png\",\"width\":1001,\"height\":392,\"caption\":\"Cl\u00ednica Vetland\"},\"image\":{\"@id\":\"https:\/\/www.clinicavetland.es\/#\/schema\/logo\/image\/\"},\"sameAs\":[\"https:\/\/www.facebook.com\/especialidadesveterinariasvetland\",\"https:\/\/instagram.com\/vetland_\/\",\"https:\/\/linkedin.com\/company\/clinicavetland\"]}]}<\/script>\n<!-- \/ Yoast SEO plugin. -->","yoast_head_json":{"title":"Protecci\u00f3n de Datos | Cl\u00ednica Veterinaria Cardedeu","robots":{"index":"index","follow":"follow","max-snippet":"max-snippet:-1","max-image-preview":"max-image-preview:large","max-video-preview":"max-video-preview:-1"},"canonical":"https:\/\/www.clinicavetland.es\/ca\/proteccion-de-datos\/","og_locale":"ca_ES","og_type":"article","og_title":"Protecci\u00f3n de Datos | Cl\u00ednica Veterinaria Cardedeu","og_url":"https:\/\/www.clinicavetland.es\/ca\/proteccion-de-datos\/","og_site_name":"Cl\u00ednica Veterinaria Cardedeu","article_publisher":"https:\/\/www.facebook.com\/especialidadesveterinariasvetland","article_modified_time":"2025-05-08T10:45:27+00:00","twitter_card":"summary_large_image","twitter_misc":{"Temps estimat de lectura":"3 minuts"},"schema":{"@context":"https:\/\/schema.org","@graph":[{"@type":"WebPage","@id":"https:\/\/www.clinicavetland.es\/proteccion-de-datos\/","url":"https:\/\/www.clinicavetland.es\/proteccion-de-datos\/","name":"Protecci\u00f3n de Datos | Cl\u00ednica Veterinaria Cardedeu","isPartOf":{"@id":"https:\/\/www.clinicavetland.es\/#website"},"datePublished":"2019-05-15T12:15:26+00:00","dateModified":"2025-05-08T10:45:27+00:00","breadcrumb":{"@id":"https:\/\/www.clinicavetland.es\/proteccion-de-datos\/#breadcrumb"},"inLanguage":"ca","potentialAction":[{"@type":"ReadAction","target":["https:\/\/www.clinicavetland.es\/proteccion-de-datos\/"]}]},{"@type":"BreadcrumbList","@id":"https:\/\/www.clinicavetland.es\/proteccion-de-datos\/#breadcrumb","itemListElement":[{"@type":"ListItem","position":1,"name":"Portada","item":"https:\/\/www.clinicavetland.es\/"},{"@type":"ListItem","position":2,"name":"Protecci\u00f3n de Datos"}]},{"@type":"WebSite","@id":"https:\/\/www.clinicavetland.es\/#website","url":"https:\/\/www.clinicavetland.es\/","name":"Cl\u00ednica Vetland","description":"Dejamos huella","publisher":{"@id":"https:\/\/www.clinicavetland.es\/#organization"},"potentialAction":[{"@type":"SearchAction","target":{"@type":"EntryPoint","urlTemplate":"https:\/\/www.clinicavetland.es\/?s={search_term_string}"},"query-input":{"@type":"PropertyValueSpecification","valueRequired":true,"valueName":"search_term_string"}}],"inLanguage":"ca"},{"@type":"Organization","@id":"https:\/\/www.clinicavetland.es\/#organization","name":"Cl\u00ednica Vetland","url":"https:\/\/www.clinicavetland.es\/","logo":{"@type":"ImageObject","inLanguage":"ca","@id":"https:\/\/www.clinicavetland.es\/#\/schema\/logo\/image\/","url":"https:\/\/www.clinicavetland.es\/wp-content\/uploads\/2020\/03\/Logotipo-Vetland-color.png","contentUrl":"https:\/\/www.clinicavetland.es\/wp-content\/uploads\/2020\/03\/Logotipo-Vetland-color.png","width":1001,"height":392,"caption":"Cl\u00ednica Vetland"},"image":{"@id":"https:\/\/www.clinicavetland.es\/#\/schema\/logo\/image\/"},"sameAs":["https:\/\/www.facebook.com\/especialidadesveterinariasvetland","https:\/\/instagram.com\/vetland_\/","https:\/\/linkedin.com\/company\/clinicavetland"]}]}},"_links":{"self":[{"href":"https:\/\/www.clinicavetland.es\/ca\/wp-json\/wp\/v2\/pages\/4675","targetHints":{"allow":["GET"]}}],"collection":[{"href":"https:\/\/www.clinicavetland.es\/ca\/wp-json\/wp\/v2\/pages"}],"about":[{"href":"https:\/\/www.clinicavetland.es\/ca\/wp-json\/wp\/v2\/types\/page"}],"author":[{"embeddable":true,"href":"https:\/\/www.clinicavetland.es\/ca\/wp-json\/wp\/v2\/users\/12"}],"replies":[{"embeddable":true,"href":"https:\/\/www.clinicavetland.es\/ca\/wp-json\/wp\/v2\/comments?post=4675"}],"version-history":[{"count":27,"href":"https:\/\/www.clinicavetland.es\/ca\/wp-json\/wp\/v2\/pages\/4675\/revisions"}],"predecessor-version":[{"id":9236,"href":"https:\/\/www.clinicavetland.es\/ca\/wp-json\/wp\/v2\/pages\/4675\/revisions\/9236"}],"wp:attachment":[{"href":"https:\/\/www.clinicavetland.es\/ca\/wp-json\/wp\/v2\/media?parent=4675"}],"curies":[{"name":"wp","href":"https:\/\/api.w.org\/{rel}","templated":true}]}}