{"id":1516,"date":"2017-03-15T13:14:24","date_gmt":"2017-03-15T12:14:24","guid":{"rendered":"http:\/\/www.vetland.es\/?page_id=1516\/"},"modified":"2025-12-23T23:01:08","modified_gmt":"2025-12-23T22:01:08","slug":"centros","status":"publish","type":"page","link":"https:\/\/www.clinicavetland.es\/ca\/centros\/","title":{"rendered":"Centres"},"content":{"rendered":"<div class=\"wpb-content-wrapper\"><div class=\"vc_row wpb_row vc_row-fluid\"><div class=\"wpb_column vc_column_container vc_col-sm-12\"><div class=\"vc_column-inner\"><div class=\"wpb_wrapper\"><div class=\"vc_row wpb_row vc_inner vc_row-fluid vc_custom_1489418749525\"><div class=\"wpb_column vc_column_container vc_col-sm-6 vc_col-has-fill\"><div class=\"vc_column-inner vc_custom_1528318397582\"><div class=\"wpb_wrapper\">\n\t<div class=\"wpb_text_column wpb_content_element\" >\n\t\t<div class=\"wpb_wrapper\">\n\t\t\t<h1><span style=\"color: #ffffff;\"> <span style=\"font-size: 48px; font-weigth: 700;\">Encuentra tu centro<\/span><\/span><\/h1>\n<p><span style=\"color: #ffffff; font-size: 48px;\">veterinario Vetland<\/span><br \/>\n<span style=\"color: #ffffff; font-size: 32px; font-weigth: 700;\">m\u00e1s cercano<\/span><\/p>\n<hr \/>\n<p><span style=\"color: #ffffff; font-size: 18px; font-weigth: 700; text-align: justify;\">En Vetland contamos con los mejores profesionales en las diferentes especialidades veterinarias para ofrecerle el mejor cuidado a tu mascota.<\/span><\/p>\n\n\t\t<\/div>\n\t<\/div>\n<\/div><\/div><\/div><div class=\"wpb_column vc_column_container vc_col-sm-6\"><div class=\"vc_column-inner\"><div class=\"wpb_wrapper\"><\/div><\/div><\/div><\/div><\/div><\/div><\/div><\/div><!-- Row Backgrounds --><div class=\"upb_bg_img\" data-ultimate-bg=\"url(https:\/\/www.clinicavetland.es\/wp-content\/uploads\/2024\/02\/banner-04-2018-min-1.jpg)\" data-image-id=\"id^9183|url^https:\/\/www.vetland.es\/wp-content\/uploads\/2024\/02\/banner-04-2018-min-1.jpg|caption^null|alt^null|title^banner-04-2018-min-1|description^null\" data-ultimate-bg-style=\"vcpb-default\" data-bg-img-repeat=\"no-repeat\" data-bg-img-size=\"cover\" data-bg-img-position=\"center center\" data-parallx_sense=\"30\" data-bg-override=\"ex-full\" data-bg_img_attach=\"scroll\" data-upb-overlay-color=\"\" data-upb-bg-animation=\"\" data-fadeout=\"\" data-bg-animation=\"left-animation\" data-bg-animation-type=\"h\" data-animation-repeat=\"repeat\" data-fadeout-percentage=\"30\" data-parallax-content=\"\" data-parallax-content-sense=\"30\" data-row-effect-mobile-disable=\"true\" data-img-parallax-mobile-disable=\"true\" data-rtl=\"false\"  data-custom-vc-row=\"\"  data-vc=\"8.0.1\"  data-is_old_vc=\"\"  data-theme-support=\"\"   data-overlay=\"false\" data-overlay-color=\"\" data-overlay-pattern=\"\" data-overlay-pattern-opacity=\"\" data-overlay-pattern-size=\"\"    ><\/div><div data-vc-full-width=\"true\" data-vc-full-width-init=\"false\" class=\"vc_row wpb_row vc_row-fluid clinica vc_custom_1666618567959 vc_row-o-equal-height vc_row-flex\"><div class=\"wpb_column vc_column_container vc_col-sm-6 vc_col-has-fill\"><div class=\"vc_column-inner vc_custom_1490613056170\"><div class=\"wpb_wrapper\">\n\t<div class=\"wpb_text_column wpb_content_element\" >\n\t\t<div class=\"wpb_wrapper\">\n\t\t\t<h2 style=\"text-align: center;\">Cardedeu<\/h2>\n<p style=\"text-align: center;\">Avda. \u00c0ngel Guimer\u00e0, 71<br \/>\n08440 Cardedeu<br \/>\n93 846 20 51<br \/>\nWhatsApp: 686 12 83 72<br \/>\ncardedeu.barcelona@clinicavetland.es<\/p>\n\n\t\t<\/div>\n\t<\/div>\n<div class=\"vc_btn3-container vc_btn3-center vc_do_btn\" ><a class=\"vc_general vc_btn3 vc_btn3-size-lg vc_btn3-shape-round vc_btn3-style-outline vc_btn3-color-success\" href=\"https:\/\/www.clinicavetland.es\/ca\/clinica-veterinaria-cardedeu-barcelona\/\" title=\"Cl\u00ednica Veterinaria Cardedeu\">M\u00e1s informaci\u00f3n<\/a><\/div><\/div><\/div><\/div><div class=\"clinica wpb_column vc_column_container vc_col-sm-6 vc_col-has-fill\"><div class=\"vc_column-inner vc_custom_1490612535712\"><div class=\"wpb_wrapper\">\n\t<div class=\"wpb_text_column wpb_content_element\" >\n\t\t<div class=\"wpb_wrapper\">\n\t\t\t<h2 style=\"text-align: center;\">Llinars del Vall\u00e8s<\/h2>\n<p style=\"text-align: center;\">C. Reverend Pere Bonastre, 3<br \/>\n08450 Llinars del Vall\u00e8s<br \/>\n93 841 25 40<br \/>\nWhatsApp: 608 44 54 05<br \/>\nconsultorio.llinars@clinicavetland.es<\/p>\n\n\t\t<\/div>\n\t<\/div>\n<div class=\"vc_btn3-container vc_btn3-center vc_do_btn\" ><a class=\"vc_general vc_btn3 vc_btn3-size-lg vc_btn3-shape-round vc_btn3-style-outline vc_btn3-color-success\" href=\"https:\/\/www.clinicavetland.es\/ca\/centro-veterinario-llinars\/\" title=\"Centro Veterinario Vetland Llinars\">M\u00e1s informaci\u00f3n<\/a><\/div><\/div><\/div><\/div><\/div><div class=\"vc_row-full-width vc_clearfix\"><\/div><!-- Row Backgrounds --><div class=\"upb_color\" data-bg-override=\"0\" data-bg-color=\"\" data-fadeout=\"\" data-fadeout-percentage=\"30\" data-parallax-content=\"\" data-parallax-content-sense=\"30\" data-row-effect-mobile-disable=\"true\" data-img-parallax-mobile-disable=\"true\" data-rtl=\"false\"  data-custom-vc-row=\"\"  data-vc=\"8.0.1\"  data-is_old_vc=\"\"  data-theme-support=\"\"   data-overlay=\"false\" data-overlay-color=\"\" data-overlay-pattern=\"\" data-overlay-pattern-opacity=\"\" data-overlay-pattern-size=\"\"    ><\/div><div class=\"vc_row wpb_row vc_row-fluid dnone\"><div class=\"wpb_column vc_column_container vc_col-sm-12\"><div class=\"vc_column-inner\"><div class=\"wpb_wrapper\">\n\t<div class=\"wpb_text_column wpb_content_element\" >\n\t\t<div class=\"wpb_wrapper\">\n\t\t\t<h2 style=\"text-align: center;\"><span style=\"color: #ffffff;\">Suscr\u00edbete a nuestra newsletter<\/span><\/h2>\n<h4 style=\"text-align: center;\"><span style=\"color: #ffffff;\">Recibe nuestras promociones \u00a0y consejos para tu mascota<\/span><\/h4>\n\n\t\t<\/div>\n\t<\/div>\n<\/div><\/div><\/div><\/div><!-- Row Backgrounds --><div class=\"upb_color\" data-bg-override=\"full\" data-bg-color=\"#71c250\" data-fadeout=\"\" data-fadeout-percentage=\"30\" data-parallax-content=\"\" data-parallax-content-sense=\"30\" data-row-effect-mobile-disable=\"true\" data-img-parallax-mobile-disable=\"true\" data-rtl=\"false\"  data-custom-vc-row=\"\"  data-vc=\"8.0.1\"  data-is_old_vc=\"\"  data-theme-support=\"\"   data-overlay=\"false\" data-overlay-color=\"\" data-overlay-pattern=\"\" data-overlay-pattern-opacity=\"\" data-overlay-pattern-size=\"\"    ><\/div>\n<\/div><!-- AddThis Advanced Settings generic via filter on the_content --><!-- AddThis Share Buttons generic via filter on the_content -->","protected":false},"excerpt":{"rendered":"<p><!-- AddThis Advanced Settings generic via filter on get_the_excerpt --><!-- AddThis Share Buttons generic via filter on get_the_excerpt --><\/p>","protected":false},"author":12,"featured_media":0,"parent":0,"menu_order":0,"comment_status":"closed","ping_status":"closed","template":"","meta":{"_acf_changed":false,"footnotes":""},"class_list":["post-1516","page","type-page","status-publish","hentry"],"acf":[],"yoast_head":"<!-- This site is optimized with the Yoast SEO plugin v27.0 - https:\/\/yoast.com\/product\/yoast-seo-wordpress\/ -->\n<title>Centros Vetland - Cl\u00ednicas Veterinarias Vetland - Especialidades Veterinarias<\/title>\n<meta name=\"description\" content=\"Encuentra aqu\u00ed el listado de todos los Centros Vetland. Cl\u00ednicas Veterinarias Vetland est\u00e1 distribuido por todo el pa\u00eds. \u00a1Encuentra el tuyo aqu\u00ed!\" \/>\n<meta name=\"robots\" content=\"noindex, nofollow\" \/>\n<meta property=\"og:locale\" content=\"ca_ES\" \/>\n<meta property=\"og:type\" content=\"article\" \/>\n<meta property=\"og:title\" content=\"Centros Vetland - Cl\u00ednicas Veterinarias Vetland - Especialidades Veterinarias\" \/>\n<meta property=\"og:description\" content=\"Encuentra aqu\u00ed el listado de todos los Centros Vetland. Cl\u00ednicas Veterinarias Vetland est\u00e1 distribuido por todo el pa\u00eds. \u00a1Encuentra el tuyo aqu\u00ed!\" \/>\n<meta property=\"og:url\" content=\"https:\/\/www.clinicavetland.es\/ca\/centros\/\" \/>\n<meta property=\"og:site_name\" content=\"Cl\u00ednica Veterinaria Cardedeu\" \/>\n<meta property=\"article:publisher\" content=\"https:\/\/www.facebook.com\/especialidadesveterinariasvetland\" \/>\n<meta property=\"article:modified_time\" content=\"2025-12-23T22:01:08+00:00\" \/>\n<meta name=\"twitter:card\" content=\"summary_large_image\" \/>\n<meta name=\"twitter:label1\" content=\"Temps estimat de lectura\" \/>\n\t<meta name=\"twitter:data1\" content=\"1 minut\" \/>\n<script type=\"application\/ld+json\" class=\"yoast-schema-graph\">{\"@context\":\"https:\/\/schema.org\",\"@graph\":[{\"@type\":\"WebPage\",\"@id\":\"https:\/\/www.clinicavetland.es\/centros\/\",\"url\":\"https:\/\/www.clinicavetland.es\/centros\/\",\"name\":\"Centros Vetland - Cl\u00ednicas Veterinarias Vetland - Especialidades Veterinarias\",\"isPartOf\":{\"@id\":\"https:\/\/www.clinicavetland.es\/#website\"},\"datePublished\":\"2017-03-15T12:14:24+00:00\",\"dateModified\":\"2025-12-23T22:01:08+00:00\",\"description\":\"Encuentra aqu\u00ed el listado de todos los Centros Vetland. Cl\u00ednicas Veterinarias Vetland est\u00e1 distribuido por todo el pa\u00eds. \u00a1Encuentra el tuyo aqu\u00ed!\",\"breadcrumb\":{\"@id\":\"https:\/\/www.clinicavetland.es\/centros\/#breadcrumb\"},\"inLanguage\":\"ca\",\"potentialAction\":[{\"@type\":\"ReadAction\",\"target\":[\"https:\/\/www.clinicavetland.es\/centros\/\"]}]},{\"@type\":\"BreadcrumbList\",\"@id\":\"https:\/\/www.clinicavetland.es\/centros\/#breadcrumb\",\"itemListElement\":[{\"@type\":\"ListItem\",\"position\":1,\"name\":\"Portada\",\"item\":\"https:\/\/www.clinicavetland.es\/\"},{\"@type\":\"ListItem\",\"position\":2,\"name\":\"Centros\"}]},{\"@type\":\"WebSite\",\"@id\":\"https:\/\/www.clinicavetland.es\/#website\",\"url\":\"https:\/\/www.clinicavetland.es\/\",\"name\":\"Cl\u00ednica Vetland\",\"description\":\"Dejamos huella\",\"publisher\":{\"@id\":\"https:\/\/www.clinicavetland.es\/#organization\"},\"potentialAction\":[{\"@type\":\"SearchAction\",\"target\":{\"@type\":\"EntryPoint\",\"urlTemplate\":\"https:\/\/www.clinicavetland.es\/?s={search_term_string}\"},\"query-input\":{\"@type\":\"PropertyValueSpecification\",\"valueRequired\":true,\"valueName\":\"search_term_string\"}}],\"inLanguage\":\"ca\"},{\"@type\":\"Organization\",\"@id\":\"https:\/\/www.clinicavetland.es\/#organization\",\"name\":\"Cl\u00ednica Vetland\",\"url\":\"https:\/\/www.clinicavetland.es\/\",\"logo\":{\"@type\":\"ImageObject\",\"inLanguage\":\"ca\",\"@id\":\"https:\/\/www.clinicavetland.es\/#\/schema\/logo\/image\/\",\"url\":\"https:\/\/www.clinicavetland.es\/wp-content\/uploads\/2020\/03\/Logotipo-Vetland-color.png\",\"contentUrl\":\"https:\/\/www.clinicavetland.es\/wp-content\/uploads\/2020\/03\/Logotipo-Vetland-color.png\",\"width\":1001,\"height\":392,\"caption\":\"Cl\u00ednica Vetland\"},\"image\":{\"@id\":\"https:\/\/www.clinicavetland.es\/#\/schema\/logo\/image\/\"},\"sameAs\":[\"https:\/\/www.facebook.com\/especialidadesveterinariasvetland\",\"https:\/\/instagram.com\/vetland_\/\",\"https:\/\/linkedin.com\/company\/clinicavetland\"]}]}<\/script>\n<!-- \/ Yoast SEO plugin. -->","yoast_head_json":{"title":"Centros Vetland - Cl\u00ednicas Veterinarias Vetland - Especialidades Veterinarias","description":"Encuentra aqu\u00ed el listado de todos los Centros Vetland. Cl\u00ednicas Veterinarias Vetland est\u00e1 distribuido por todo el pa\u00eds. \u00a1Encuentra el tuyo aqu\u00ed!","robots":{"index":"noindex","follow":"nofollow"},"og_locale":"ca_ES","og_type":"article","og_title":"Centros Vetland - Cl\u00ednicas Veterinarias Vetland - Especialidades Veterinarias","og_description":"Encuentra aqu\u00ed el listado de todos los Centros Vetland. Cl\u00ednicas Veterinarias Vetland est\u00e1 distribuido por todo el pa\u00eds. \u00a1Encuentra el tuyo aqu\u00ed!","og_url":"https:\/\/www.clinicavetland.es\/ca\/centros\/","og_site_name":"Cl\u00ednica Veterinaria Cardedeu","article_publisher":"https:\/\/www.facebook.com\/especialidadesveterinariasvetland","article_modified_time":"2025-12-23T22:01:08+00:00","twitter_card":"summary_large_image","twitter_misc":{"Temps estimat de lectura":"1 minut"},"schema":{"@context":"https:\/\/schema.org","@graph":[{"@type":"WebPage","@id":"https:\/\/www.clinicavetland.es\/centros\/","url":"https:\/\/www.clinicavetland.es\/centros\/","name":"Centros Vetland - Cl\u00ednicas Veterinarias Vetland - Especialidades Veterinarias","isPartOf":{"@id":"https:\/\/www.clinicavetland.es\/#website"},"datePublished":"2017-03-15T12:14:24+00:00","dateModified":"2025-12-23T22:01:08+00:00","description":"Encuentra aqu\u00ed el listado de todos los Centros Vetland. Cl\u00ednicas Veterinarias Vetland est\u00e1 distribuido por todo el pa\u00eds. \u00a1Encuentra el tuyo aqu\u00ed!","breadcrumb":{"@id":"https:\/\/www.clinicavetland.es\/centros\/#breadcrumb"},"inLanguage":"ca","potentialAction":[{"@type":"ReadAction","target":["https:\/\/www.clinicavetland.es\/centros\/"]}]},{"@type":"BreadcrumbList","@id":"https:\/\/www.clinicavetland.es\/centros\/#breadcrumb","itemListElement":[{"@type":"ListItem","position":1,"name":"Portada","item":"https:\/\/www.clinicavetland.es\/"},{"@type":"ListItem","position":2,"name":"Centros"}]},{"@type":"WebSite","@id":"https:\/\/www.clinicavetland.es\/#website","url":"https:\/\/www.clinicavetland.es\/","name":"Cl\u00ednica Vetland","description":"Dejamos huella","publisher":{"@id":"https:\/\/www.clinicavetland.es\/#organization"},"potentialAction":[{"@type":"SearchAction","target":{"@type":"EntryPoint","urlTemplate":"https:\/\/www.clinicavetland.es\/?s={search_term_string}"},"query-input":{"@type":"PropertyValueSpecification","valueRequired":true,"valueName":"search_term_string"}}],"inLanguage":"ca"},{"@type":"Organization","@id":"https:\/\/www.clinicavetland.es\/#organization","name":"Cl\u00ednica Vetland","url":"https:\/\/www.clinicavetland.es\/","logo":{"@type":"ImageObject","inLanguage":"ca","@id":"https:\/\/www.clinicavetland.es\/#\/schema\/logo\/image\/","url":"https:\/\/www.clinicavetland.es\/wp-content\/uploads\/2020\/03\/Logotipo-Vetland-color.png","contentUrl":"https:\/\/www.clinicavetland.es\/wp-content\/uploads\/2020\/03\/Logotipo-Vetland-color.png","width":1001,"height":392,"caption":"Cl\u00ednica Vetland"},"image":{"@id":"https:\/\/www.clinicavetland.es\/#\/schema\/logo\/image\/"},"sameAs":["https:\/\/www.facebook.com\/especialidadesveterinariasvetland","https:\/\/instagram.com\/vetland_\/","https:\/\/linkedin.com\/company\/clinicavetland"]}]}},"_links":{"self":[{"href":"https:\/\/www.clinicavetland.es\/ca\/wp-json\/wp\/v2\/pages\/1516","targetHints":{"allow":["GET"]}}],"collection":[{"href":"https:\/\/www.clinicavetland.es\/ca\/wp-json\/wp\/v2\/pages"}],"about":[{"href":"https:\/\/www.clinicavetland.es\/ca\/wp-json\/wp\/v2\/types\/page"}],"author":[{"embeddable":true,"href":"https:\/\/www.clinicavetland.es\/ca\/wp-json\/wp\/v2\/users\/12"}],"replies":[{"embeddable":true,"href":"https:\/\/www.clinicavetland.es\/ca\/wp-json\/wp\/v2\/comments?post=1516"}],"version-history":[{"count":131,"href":"https:\/\/www.clinicavetland.es\/ca\/wp-json\/wp\/v2\/pages\/1516\/revisions"}],"predecessor-version":[{"id":9256,"href":"https:\/\/www.clinicavetland.es\/ca\/wp-json\/wp\/v2\/pages\/1516\/revisions\/9256"}],"wp:attachment":[{"href":"https:\/\/www.clinicavetland.es\/ca\/wp-json\/wp\/v2\/media?parent=1516"}],"curies":[{"name":"wp","href":"https:\/\/api.w.org\/{rel}","templated":true}]}}